{"id":8,"date":"2026-03-13T09:19:37","date_gmt":"2026-03-13T09:19:37","guid":{"rendered":"https:\/\/site-v2.dynamicdyno.ch\/?page_id=8"},"modified":"2026-03-23T13:00:48","modified_gmt":"2026-03-23T13:00:48","slug":"home","status":"publish","type":"page","link":"https:\/\/site-v2.dynamicdyno.ch\/","title":{"rendered":"Home"},"content":{"rendered":"\n<figure class=\"wp-block-image size-full\"><img decoding=\"async\" src=\"https:\/\/site-v2.dynamicdyno.ch\/wp-content\/uploads\/2026\/03\/Webseite-DynamicDyno-Banner.png\" alt=\"\"\/><\/figure>\n\n\n\n<div class=\"wp-block-uagb-container uagb-block-e02e9051 alignfull uagb-is-root-container\"><div class=\"uagb-container-inner-blocks-wrap\">\n<div class=\"wp-block-uagb-advanced-heading uagb-block-844f7be8\"><h2 class=\"uagb-heading-text\">Maximale Pr\u00e4zision f\u00fcr dein Fahrzeug<\/h2><p class=\"uagb-desc-text\">Ich biete dir hochpr\u00e4zise, mobile Leistungsmessungen mit dem zertifizierten <strong>Insoric RealPower<\/strong> <strong>System <\/strong>\u2013 direkt auf der Strasse, unter realen Bedingungen.<\/p><\/div>\n\n\n\n<hr class=\"wp-block-separator has-text-color has-ast-global-color-1-color has-alpha-channel-opacity has-ast-global-color-1-background-color has-background is-style-default\"\/>\n\n\n\n<div class=\"wp-block-columns is-layout-flex wp-container-core-columns-is-layout-65adf1e2 wp-block-columns-is-layout-flex\" style=\"border-style:none;border-width:0px;border-top-left-radius:0px;border-top-right-radius:0px;border-bottom-left-radius:0px;border-bottom-right-radius:0px;margin-top:0;margin-bottom:0;padding-top:0;padding-right:var(--wp--preset--spacing--60);padding-bottom:0;padding-left:var(--wp--preset--spacing--60)\">\n<div class=\"wp-block-column is-layout-flow wp-block-column-is-layout-flow\">\n<div class=\"wp-block-uagb-info-box uagb-block-dfe4aae5 uagb-infobox__content-wrap  uagb-infobox-icon-above-title uagb-infobox-image-valign-top\"><div class=\"uagb-ifb-content\"><div class=\"uagb-ifb-icon-wrap\"><svg xmlns=\"https:\/\/www.w3.org\/2000\/svg\" viewBox=\"0 0 512 512\"><path d=\"M256 53.46L300.1 7.261C307 1.034 315.1-1.431 324.4 .8185C332.8 3.068 339.3 9.679 341.4 18.1L357.3 80.6L419.3 63.07C427.7 60.71 436.7 63.05 442.8 69.19C448.1 75.34 451.3 84.33 448.9 92.69L431.4 154.7L493.9 170.6C502.3 172.7 508.9 179.2 511.2 187.6C513.4 196 510.1 204.1 504.7 211L458.5 256L504.7 300.1C510.1 307 513.4 315.1 511.2 324.4C508.9 332.8 502.3 339.3 493.9 341.4L431.4 357.3L448.9 419.3C451.3 427.7 448.1 436.7 442.8 442.8C436.7 448.1 427.7 451.3 419.3 448.9L357.3 431.4L341.4 493.9C339.3 502.3 332.8 508.9 324.4 511.2C315.1 513.4 307 510.1 300.1 504.7L256 458.5L211 504.7C204.1 510.1 196 513.4 187.6 511.2C179.2 508.9 172.7 502.3 170.6 493.9L154.7 431.4L92.69 448.9C84.33 451.3 75.34 448.1 69.19 442.8C63.05 436.7 60.71 427.7 63.07 419.3L80.6 357.3L18.1 341.4C9.679 339.3 3.068 332.8 .8186 324.4C-1.431 315.1 1.034 307 7.261 300.1L53.46 256L7.261 211C1.034 204.1-1.431 196 .8186 187.6C3.068 179.2 9.679 172.7 18.1 170.6L80.6 154.7L63.07 92.69C60.71 84.33 63.05 75.34 69.19 69.19C75.34 63.05 84.33 60.71 92.69 63.07L154.7 80.6L170.6 18.1C172.7 9.679 179.2 3.068 187.6 .8185C196-1.431 204.1 1.034 211 7.261L256 53.46z\"><\/path><\/svg><\/div><div class=\"uagb-ifb-title-wrap\"><h3 class=\"uagb-ifb-title\"><strong>Zertifizierte Technik<\/strong><\/h3><\/div><p class=\"uagb-ifb-desc\">Hochpr\u00e4zise Messdaten durch Insoric RealPower in Kombination mit einem modernen Radlastwaagen-System. Qualit\u00e4t auf Augenh\u00f6he mit namhaften Rollenpr\u00fcfst\u00e4nden.<\/p><\/div><\/div>\n<\/div>\n\n\n\n<div class=\"wp-block-column is-layout-flow wp-block-column-is-layout-flow\">\n<div class=\"wp-block-uagb-info-box uagb-block-30046c13 uagb-infobox__content-wrap  uagb-infobox-icon-above-title uagb-infobox-image-valign-top\"><div class=\"uagb-ifb-content\"><div class=\"uagb-ifb-icon-wrap\"><svg xmlns=\"https:\/\/www.w3.org\/2000\/svg\" viewBox=\"0 0 448 512\"><path d=\"M248 104C248 117.3 237.3 128 224 128C210.7 128 200 117.3 200 104V24C200 10.75 210.7 0 224 0C237.3 0 248 10.75 248 24V104zM153.8 160H294.2C327.1 160 358.1 181.3 369.5 213.1L397.8 292.4C417.9 300.9 432 320.8 432 344V480C432 497.7 417.7 512 400 512H384C366.3 512 352 497.7 352 480V448H96V480C96 497.7 81.67 512 64 512H48C30.33 512 16 497.7 16 480V344C16 320.8 30.08 300.9 50.16 292.4L78.49 213.1C89.86 181.3 120 160 153.8 160H153.8zM153.8 224C147.1 224 141 228.3 138.8 234.6L119.7 288H328.3L309.2 234.6C306.1 228.3 300.9 224 294.2 224H153.8zM96 392C109.3 392 120 381.3 120 368C120 354.7 109.3 344 96 344C82.75 344 72 354.7 72 368C72 381.3 82.75 392 96 392zM352 344C338.7 344 328 354.7 328 368C328 381.3 338.7 392 352 392C365.3 392 376 381.3 376 368C376 354.7 365.3 344 352 344zM7.029 39.03C16.4 29.66 31.6 29.66 40.97 39.03L88.97 87.03C98.34 96.4 98.34 111.6 88.97 120.1C79.6 130.3 64.4 130.3 55.03 120.1L7.029 72.97C-2.343 63.6-2.343 48.4 7.029 39.03V39.03zM407 39.03C416.4 29.66 431.6 29.66 440.1 39.03C450.3 48.4 450.3 63.6 440.1 72.97L392.1 120.1C383.6 130.3 368.4 130.3 359 120.1C349.7 111.6 349.7 96.4 359 87.03L407 39.03z\"><\/path><\/svg><\/div><div class=\"uagb-ifb-title-wrap\"><h3 class=\"uagb-ifb-title\"><strong>Mobil &amp; Flexibel<\/strong><\/h3><\/div><p class=\"uagb-ifb-desc\">Vergiss lange Anfahrten zu seltenen, ortsgebundenen Pr\u00fcfst\u00e4nden. Ich komme zu dir \u2013 effizient und unkompliziert.<\/p><\/div><\/div>\n<\/div>\n\n\n\n<div class=\"wp-block-column is-layout-flow wp-block-column-is-layout-flow\">\n<div class=\"wp-block-uagb-info-box uagb-block-1e9feed0 uagb-infobox__content-wrap  uagb-infobox-icon-above-title uagb-infobox-image-valign-top\"><div class=\"uagb-ifb-content\"><div class=\"uagb-ifb-icon-wrap\"><svg xmlns=\"https:\/\/www.w3.org\/2000\/svg\" viewBox=\"0 0 448 512\"><path d=\"M448 336v-288C448 21.49 426.5 0 400 0H96C42.98 0 0 42.98 0 96v320c0 53.02 42.98 96 96 96h320c17.67 0 32-14.33 32-31.1c0-11.72-6.607-21.52-16-27.1v-81.36C441.8 362.8 448 350.2 448 336zM143.1 128h192C344.8 128 352 135.2 352 144C352 152.8 344.8 160 336 160H143.1C135.2 160 128 152.8 128 144C128 135.2 135.2 128 143.1 128zM143.1 192h192C344.8 192 352 199.2 352 208C352 216.8 344.8 224 336 224H143.1C135.2 224 128 216.8 128 208C128 199.2 135.2 192 143.1 192zM384 448H96c-17.67 0-32-14.33-32-32c0-17.67 14.33-32 32-32h288V448z\"><\/path><\/svg><\/div><div class=\"uagb-ifb-title-wrap\"><h3 class=\"uagb-ifb-title\"><strong>Echte Fakten<\/strong><\/h3><\/div><p class=\"uagb-ifb-desc\">Herstellerangaben sind oft nur Theorie. Ob nach Chiptuning, bei Verschleiss oder einfach aus Leidenschaft: Erfahre, was dein Auto wirklich leistet.<\/p><\/div><\/div>\n<\/div>\n<\/div>\n<\/div><\/div>\n\n\n\n<div class=\"wp-block-uagb-container uagb-block-43db9e7d alignfull uagb-is-root-container\"><div class=\"uagb-container-inner-blocks-wrap\">\n<div class=\"wp-block-uagb-advanced-heading uagb-block-92e38486\"><h2 class=\"uagb-heading-text\">Warum die Leistung messen?<\/h2><p class=\"uagb-desc-text\">Die reale Kraft eines Motors wird durch Tuning, Alter und Verschleiss massgeblich beeinflusst. Fr\u00fcher war eine exakte Messung teuer und aufwendig. <strong>Insoric RealPower macht professionelle Datenanalyse jetzt mobil und f\u00fcr jeden Autofan zug\u00e4nglich.<\/strong><\/p><\/div>\n<\/div><\/div>\n\n\n\n<div class=\"wp-block-uagb-advanced-heading uagb-block-a647ab45\"><h2 class=\"uagb-heading-text\">Wie funktioniert&#8217;s?<\/h2><p class=\"uagb-desc-text\">Acht Schritte f\u00fcr eine erfolgreiche &amp; hochpr\u00e4zise Leistungsmessung:<\/p><\/div>\n\n\n\n<div class=\"wp-block-uagb-container uagb-layout-flex uagb-block-17fe7dab alignwide uagb-is-root-container\">\n<div class=\"wp-block-uagb-container uagb-block-167c4649\">\n<div class=\"wp-block-uagb-image uagb-block-cf701b23 wp-block-uagb-image--layout-default wp-block-uagb-image--effect-static wp-block-uagb-image--align-none\"><figure class=\"wp-block-uagb-image__figure\"><img decoding=\"async\" srcset=\"https:\/\/site-v2.dynamicdyno.ch\/wp-content\/uploads\/2026\/03\/01-Gewicht.png ,https:\/\/site-v2.dynamicdyno.ch\/wp-content\/uploads\/2026\/03\/01-Gewicht.png 780w, https:\/\/site-v2.dynamicdyno.ch\/wp-content\/uploads\/2026\/03\/01-Gewicht.png 360w\" sizes=\"auto, (max-width: 480px) 150px\" src=\"https:\/\/site-v2.dynamicdyno.ch\/wp-content\/uploads\/2026\/03\/01-Gewicht.png\" alt=\"\" class=\"uag-image-69\" width=\"525\" height=\"279\" title=\"01-Gewicht\" loading=\"lazy\" role=\"img\"\/><\/figure><\/div>\n<\/div>\n\n\n\n<div class=\"wp-block-uagb-container uagb-block-e6675a0b\">\n<div class=\"wp-block-uagb-advanced-heading uagb-block-aca9adc6\"><h2 class=\"uagb-heading-text\">01<\/h2><\/div>\n\n\n\n<div class=\"wp-block-uagb-separator uagb-block-3578f267\"><div class=\"wp-block-uagb-separator__inner\" style=\"--my-background-image:\"><\/div><\/div>\n\n\n\n<div class=\"wp-block-uagb-advanced-heading uagb-block-7ed92da8\"><h2 class=\"uagb-heading-text\">Gewicht<\/h2><p class=\"uagb-desc-text\">Mit der Radlastwaage wird das Gesamtgewicht ermittelt.<\/p><\/div>\n<\/div>\n<\/div>\n\n\n\n<div class=\"wp-block-group alignfull is-layout-constrained wp-container-core-group-is-layout-45b0ac4f wp-block-group-is-layout-constrained\" id=\"services\" style=\"padding-top:144px;padding-bottom:0px\">\n<h2 class=\"wp-block-heading\">Our Services<\/h2>\n\n\n\n<div class=\"wp-block-columns is-layout-flex wp-container-core-columns-is-layout-60cbf9bb wp-block-columns-is-layout-flex\" style=\"margin-top:50px\">\n<div class=\"wp-block-column is-layout-flow wp-container-core-column-is-layout-6b73ce23 wp-block-column-is-layout-flow\">\n<figure class=\"wp-block-image size-full\"><img decoding=\"async\" src=\"https:\/\/site-v2.dynamicdyno.ch\/wp-content\/themes\/astra\/inc\/assets\/images\/starter-content\/branding.jpg\" alt=\"\" class=\"wp-image-230\"\/><\/figure>\n\n\n\n<h3 class=\"wp-block-heading\" style=\"margin-top:16px\">Branding Design<\/h3>\n\n\n\n<p>Sem quis erat nibh id neque tincidunt molestie convallis ut nibh vel, lorem consequat ullamcorper.<\/p>\n<\/div>\n\n\n\n<div class=\"wp-block-column is-layout-flow wp-container-core-column-is-layout-6b73ce23 wp-block-column-is-layout-flow\">\n<figure class=\"wp-block-image size-full\"><img decoding=\"async\" src=\"https:\/\/site-v2.dynamicdyno.ch\/wp-content\/themes\/astra\/inc\/assets\/images\/starter-content\/graphic.jpg\" alt=\"\" class=\"wp-image-232\"\/><\/figure>\n\n\n\n<h3 class=\"wp-block-heading\" style=\"margin-top:16px\">Graphic Design<\/h3>\n\n\n\n<p>Sem quis erat nibh id neque tincidunt molestie convallis ut nibh vel, lorem consequat ullamcorper.<\/p>\n<\/div>\n\n\n\n<div class=\"wp-block-column is-layout-flow wp-container-core-column-is-layout-6b73ce23 wp-block-column-is-layout-flow\">\n<figure class=\"wp-block-image size-full\"><img decoding=\"async\" src=\"https:\/\/site-v2.dynamicdyno.ch\/wp-content\/themes\/astra\/inc\/assets\/images\/starter-content\/web.jpg\" alt=\"\" class=\"wp-image-231\"\/><\/figure>\n\n\n\n<h3 class=\"wp-block-heading\" style=\"margin-top:16px\">Web Development<\/h3>\n\n\n\n<p>Sem quis erat nibh id neque tincidunt molestie convallis ut nibh vel, lorem consequat ullamcorper.<\/p>\n<\/div>\n<\/div>\n<\/div>\n\n\n\n<div class=\"wp-block-group alignfull has-ast-global-color-5-background-color has-background is-layout-constrained wp-container-core-group-is-layout-94d206d0 wp-block-group-is-layout-constrained\" id=\"about\" style=\"padding-top:143px;padding-bottom:144px\">\n<div class=\"wp-block-media-text has-media-on-the-right is-stacked-on-mobile is-vertically-aligned-center\"><div class=\"wp-block-media-text__content\">\n<div class=\"inherit-container-width wp-block-group is-layout-constrained wp-container-core-group-is-layout-47ce07ec wp-block-group-is-layout-constrained\" style=\"padding-right:80px\">\n<h2 class=\"wp-block-heading\" style=\"padding-right:40px\">We help teams build the business of their dreams<\/h2>\n\n\n\n<p>Et in risus egestas nec vitae odio ac nibh vestibulum volutpat aliquet aenean erat lobortis non.<\/p>\n\n\n\n<p>Nibh egestas dictumst cursus est turpis quis tincidunt pulvinar maecenas eget massa vel, ante nam blandit egestas enim id quis sit maecenas id nunc tempus auctor orci, enim imperdiet proin nibh mattis.<\/p>\n<\/div>\n<\/div><figure class=\"wp-block-media-text__media\"><img decoding=\"async\" src=\"https:\/\/site-v2.dynamicdyno.ch\/wp-content\/themes\/astra\/inc\/assets\/images\/starter-content\/about-us.jpg\" alt=\"\" class=\"wp-image-237 size-full\"\/><\/figure><\/div>\n<\/div>\n\n\n\n<div class=\"wp-block-group alignfull has-ast-global-color-4-background-color has-background is-layout-constrained wp-container-core-group-is-layout-6a2cfb7b wp-block-group-is-layout-constrained\" id=\"reviews\">\n<figure class=\"wp-block-image aligncenter size-full\"><img decoding=\"async\" src=\"https:\/\/site-v2.dynamicdyno.ch\/wp-content\/themes\/astra\/inc\/assets\/images\/starter-content\/avatar.png\" alt=\"\" class=\"wp-image-235\"\/><\/figure>\n\n\n\n<p class=\"has-text-align-center\" style=\"font-size:22px;line-height:1.6\">\u201cThe best part is that Astra comes with hundreds of professionally designed templates for just about every industry, makes it super easy for non-techy users to build a website.\u201d<\/p>\n\n\n\n<p class=\"has-text-align-center\"><strong>Wade Warren<\/strong><\/p>\n<\/div>\n\n\n\n<div class=\"wp-block-group alignfull is-layout-constrained wp-container-core-group-is-layout-3fee123f wp-block-group-is-layout-constrained\" id=\"whyus\" style=\"padding-top:144px;padding-bottom:144px\">\n<h2 class=\"wp-block-heading\">Why Choose Us<\/h2>\n\n\n\n<div class=\"wp-block-columns is-layout-flex wp-container-core-columns-is-layout-29aadeec wp-block-columns-is-layout-flex\" style=\"margin-top:60px\">\n<div class=\"wp-block-column is-layout-flow wp-container-core-column-is-layout-6b73ce23 wp-block-column-is-layout-flow\">\n<figure class=\"wp-block-image size-large\"><img decoding=\"async\" src=\"https:\/\/site-v2.dynamicdyno.ch\/wp-content\/themes\/astra\/inc\/assets\/images\/starter-content\/passionate.svg\" alt=\"\" class=\"wp-image-162\"\/><\/figure>\n\n\n\n<h3 class=\"wp-block-heading\" style=\"margin-top:16px\">Passionate<\/h3>\n\n\n\n<p>Tempor ullamcorper urna, est, lectus amet sit tempor pretium mi sed morbi cras posuere sit ultrices bibendum augue sit ornare.<\/p>\n<\/div>\n\n\n\n<div class=\"wp-block-column is-layout-flow wp-container-core-column-is-layout-6b73ce23 wp-block-column-is-layout-flow\">\n<figure class=\"wp-block-image size-large\"><img decoding=\"async\" src=\"https:\/\/site-v2.dynamicdyno.ch\/wp-content\/themes\/astra\/inc\/assets\/images\/starter-content\/professional.svg\" alt=\"\" class=\"wp-image-163\"\/><\/figure>\n\n\n\n<h3 class=\"wp-block-heading\" style=\"margin-top:16px\">Professional<\/h3>\n\n\n\n<p>Tempor ullamcorper urna, est, lectus amet sit tempor pretium mi sed morbi cras posuere sit ultrices bibendum augue sit ornare.<\/p>\n<\/div>\n\n\n\n<div class=\"wp-block-column is-layout-flow wp-container-core-column-is-layout-6b73ce23 wp-block-column-is-layout-flow\">\n<figure class=\"wp-block-image size-large\"><img decoding=\"async\" src=\"https:\/\/site-v2.dynamicdyno.ch\/wp-content\/themes\/astra\/inc\/assets\/images\/starter-content\/support.svg\" alt=\"\" class=\"wp-image-164\"\/><\/figure>\n\n\n\n<h3 class=\"wp-block-heading\" style=\"margin-top:16px\">Support<\/h3>\n\n\n\n<p>Tempor ullamcorper urna, est, lectus amet sit tempor pretium mi sed morbi cras posuere sit ultrices bibendum augue sit ornare.<\/p>\n<\/div>\n<\/div>\n<\/div>\n\n\n\n<div class=\"wp-block-group alignfull has-background is-layout-constrained wp-container-core-group-is-layout-cfcca693 wp-block-group-is-layout-constrained\" id=\"contact\" style=\"background:linear-gradient(35deg,rgb(6,0,151) 0%,rgb(130,4,255) 64%,rgb(193,15,255) 98%);padding-top:104px;padding-bottom:104px\">\n<h2 class=\"wp-block-heading has-text-align-center has-text-color\" style=\"color:#ffffff\">Get a professional website today!<\/h2>\n\n\n\n<div class=\"wp-block-buttons alignwide is-horizontal is-content-justification-center is-layout-flex wp-container-core-buttons-is-layout-bba8380a wp-block-buttons-is-layout-flex\" style=\"margin-top:50px\">\n<div class=\"wp-block-button\"><a class=\"wp-block-button__link wp-element-button\">Make a Website<\/a><\/div>\n<\/div>\n<\/div>\n","protected":false},"excerpt":{"rendered":"<p>Maximale Pr\u00e4zision f\u00fcr dein Fahrzeug Ich biete dir hochpr\u00e4zise, mobile Leistungsmessungen mit dem zertifizierten Insoric RealPower System \u2013 direkt auf [&hellip;]<\/p>\n","protected":false},"author":1,"featured_media":0,"parent":0,"menu_order":0,"comment_status":"closed","ping_status":"closed","template":"","meta":{"_uag_custom_page_level_css":"","site-sidebar-layout":"no-sidebar","site-content-layout":"plain-container","ast-site-content-layout":"full-width-container","site-content-style":"unboxed","site-sidebar-style":"default","ast-global-header-display":"","ast-banner-title-visibility":"","ast-main-header-display":"","ast-hfb-above-header-display":"","ast-hfb-below-header-display":"","ast-hfb-mobile-header-display":"","site-post-title":"disabled","ast-breadcrumbs-content":"","ast-featured-img":"","footer-sml-layout":"","ast-disable-related-posts":"","theme-transparent-header-meta":"default","adv-header-id-meta":"","stick-header-meta":"","header-above-stick-meta":"","header-main-stick-meta":"","header-below-stick-meta":"","astra-migrate-meta-layouts":"default","ast-page-background-enabled":"default","ast-page-background-meta":{"desktop":{"background-color":"var(--ast-global-color-5)","background-image":"","background-repeat":"repeat","background-position":"center center","background-size":"auto","background-attachment":"scroll","background-type":"","background-media":"","overlay-type":"","overlay-color":"","overlay-opacity":"","overlay-gradient":""},"tablet":{"background-color":"","background-image":"","background-repeat":"repeat","background-position":"center center","background-size":"auto","background-attachment":"scroll","background-type":"","background-media":"","overlay-type":"","overlay-color":"","overlay-opacity":"","overlay-gradient":""},"mobile":{"background-color":"","background-image":"","background-repeat":"repeat","background-position":"center center","background-size":"auto","background-attachment":"scroll","background-type":"","background-media":"","overlay-type":"","overlay-color":"","overlay-opacity":"","overlay-gradient":""}},"ast-content-background-meta":{"desktop":{"background-color":"var(--ast-global-color-4)","background-image":"","background-repeat":"repeat","background-position":"center center","background-size":"auto","background-attachment":"scroll","background-type":"","background-media":"","overlay-type":"","overlay-color":"","overlay-opacity":"","overlay-gradient":""},"tablet":{"background-color":"var(--ast-global-color-4)","background-image":"","background-repeat":"repeat","background-position":"center center","background-size":"auto","background-attachment":"scroll","background-type":"","background-media":"","overlay-type":"","overlay-color":"","overlay-opacity":"","overlay-gradient":""},"mobile":{"background-color":"var(--ast-global-color-4)","background-image":"","background-repeat":"repeat","background-position":"center center","background-size":"auto","background-attachment":"scroll","background-type":"","background-media":"","overlay-type":"","overlay-color":"","overlay-opacity":"","overlay-gradient":""}},"footnotes":""},"class_list":["post-8","page","type-page","status-publish","hentry"],"uagb_featured_image_src":{"full":false,"thumbnail":false,"medium":false,"medium_large":false,"large":false,"1536x1536":false,"2048x2048":false},"uagb_author_info":{"display_name":"admin","author_link":"https:\/\/site-v2.dynamicdyno.ch\/?author=1"},"uagb_comment_info":0,"uagb_excerpt":"Maximale Pr\u00e4zision f\u00fcr dein Fahrzeug Ich biete dir hochpr\u00e4zise, mobile Leistungsmessungen mit dem zertifizierten Insoric RealPower System \u2013 direkt auf [&hellip;]","_links":{"self":[{"href":"https:\/\/site-v2.dynamicdyno.ch\/index.php?rest_route=\/wp\/v2\/pages\/8","targetHints":{"allow":["GET"]}}],"collection":[{"href":"https:\/\/site-v2.dynamicdyno.ch\/index.php?rest_route=\/wp\/v2\/pages"}],"about":[{"href":"https:\/\/site-v2.dynamicdyno.ch\/index.php?rest_route=\/wp\/v2\/types\/page"}],"author":[{"embeddable":true,"href":"https:\/\/site-v2.dynamicdyno.ch\/index.php?rest_route=\/wp\/v2\/users\/1"}],"replies":[{"embeddable":true,"href":"https:\/\/site-v2.dynamicdyno.ch\/index.php?rest_route=%2Fwp%2Fv2%2Fcomments&post=8"}],"version-history":[{"count":38,"href":"https:\/\/site-v2.dynamicdyno.ch\/index.php?rest_route=\/wp\/v2\/pages\/8\/revisions"}],"predecessor-version":[{"id":86,"href":"https:\/\/site-v2.dynamicdyno.ch\/index.php?rest_route=\/wp\/v2\/pages\/8\/revisions\/86"}],"wp:attachment":[{"href":"https:\/\/site-v2.dynamicdyno.ch\/index.php?rest_route=%2Fwp%2Fv2%2Fmedia&parent=8"}],"curies":[{"name":"wp","href":"https:\/\/api.w.org\/{rel}","templated":true}]}}